{"id":2422,"date":"2023-01-17T20:26:17","date_gmt":"2023-01-17T20:26:17","guid":{"rendered":"https:\/\/mbcenter.info\/?page_id=2422"},"modified":"2025-11-13T20:01:07","modified_gmt":"2025-11-13T20:01:07","slug":"nosotros","status":"publish","type":"page","link":"https:\/\/mbcenter.info\/index.php\/nosotros\/","title":{"rendered":"NOSOTROS"},"content":{"rendered":"\t\t<div data-elementor-type=\"wp-page\" data-elementor-id=\"2422\" class=\"elementor elementor-2422\">\n\t\t\t\t\t\t<section class=\"elementor-section elementor-top-section elementor-element elementor-element-18aa73ac elementor-section-full_width elementor-section-height-default elementor-section-height-default\" data-id=\"18aa73ac\" data-element_type=\"section\" data-settings=\"{&quot;shape_divider_bottom&quot;:&quot;tilt&quot;}\">\n\t\t\t\t\t<div class=\"elementor-shape elementor-shape-bottom\" data-negative=\"false\">\n\t\t\t<svg xmlns=\"http:\/\/www.w3.org\/2000\/svg\" viewBox=\"0 0 1000 100\" preserveAspectRatio=\"none\">\n\t<path class=\"elementor-shape-fill\" d=\"M0,6V0h1000v100L0,6z\"\/>\n<\/svg>\t\t<\/div>\n\t\t\t\t\t<div class=\"elementor-container elementor-column-gap-no\">\n\t\t\t\t\t<div class=\"elementor-column elementor-col-100 elementor-top-column elementor-element elementor-element-650d44a9\" data-id=\"650d44a9\" data-element_type=\"column\">\n\t\t\t<div class=\"elementor-widget-wrap\">\n\t\t\t\t\t\t\t<\/div>\n\t\t<\/div>\n\t\t\t\t\t<\/div>\n\t\t<\/section>\n\t\t\t\t<section class=\"elementor-section elementor-top-section elementor-element elementor-element-5d6ac45a elementor-section-boxed elementor-section-height-default elementor-section-height-default\" data-id=\"5d6ac45a\" data-element_type=\"section\">\n\t\t\t\t\t\t<div class=\"elementor-container elementor-column-gap-default\">\n\t\t\t\t\t<div class=\"elementor-column elementor-col-100 elementor-top-column elementor-element elementor-element-bdb966f\" data-id=\"bdb966f\" data-element_type=\"column\">\n\t\t\t<div class=\"elementor-widget-wrap elementor-element-populated\">\n\t\t\t\t\t\t<div class=\"elementor-element elementor-element-5dde2cd0 elementor-widget elementor-widget-text-editor\" data-id=\"5dde2cd0\" data-element_type=\"widget\" data-widget_type=\"text-editor.default\">\n\t\t\t\t<div class=\"elementor-widget-container\">\n\t\t\t\t\t\t\t<p><b><span style=\"vertical-align: inherit;\"><span style=\"vertical-align: inherit;\"><span style=\"vertical-align: inherit;\"><span style=\"vertical-align: inherit;\"><span style=\"vertical-align: inherit;\"><span style=\"vertical-align: inherit;\">CALIFORNIA<\/span><\/span><\/span><\/span><\/span><\/span><br \/><\/b><span style=\"vertical-align: inherit;\"><span style=\"vertical-align: inherit;\"> 711 S. Estado ST. <\/span><span style=\"vertical-align: inherit;\">Ukiah, CA 95482<\/span><\/span><\/p>\t\t\t\t\t\t<\/div>\n\t\t\t\t<\/div>\n\t\t\t\t\t<\/div>\n\t\t<\/div>\n\t\t\t\t\t<\/div>\n\t\t<\/section>\n\t\t\t\t<section class=\"elementor-section elementor-top-section elementor-element elementor-element-397ad25f elementor-section-boxed elementor-section-height-default elementor-section-height-default\" data-id=\"397ad25f\" data-element_type=\"section\">\n\t\t\t\t\t\t<div class=\"elementor-container elementor-column-gap-default\">\n\t\t\t\t\t<div class=\"elementor-column elementor-col-50 elementor-top-column elementor-element elementor-element-384330e8\" data-id=\"384330e8\" data-element_type=\"column\">\n\t\t\t<div class=\"elementor-widget-wrap\">\n\t\t\t\t\t\t\t<\/div>\n\t\t<\/div>\n\t\t\t\t<div class=\"elementor-column elementor-col-50 elementor-top-column elementor-element elementor-element-2f181bc7 padding-left\" data-id=\"2f181bc7\" data-element_type=\"column\">\n\t\t\t<div class=\"elementor-widget-wrap elementor-element-populated\">\n\t\t\t\t\t\t<div class=\"elementor-element elementor-element-52e9f4a3 elementor-widget elementor-widget-text-editor\" data-id=\"52e9f4a3\" data-element_type=\"widget\" data-widget_type=\"text-editor.default\">\n\t\t\t\t<div class=\"elementor-widget-container\">\n\t\t\t\t\t\t\t<p>PTIN P00635527 <br \/>CTEC ID: A163585<br \/>BOND<br \/>American Contractors #100696337<\/p>\t\t\t\t\t\t<\/div>\n\t\t\t\t<\/div>\n\t\t\t\t<div class=\"elementor-element elementor-element-c6e5a05 elementor-widget elementor-widget-accordion\" data-id=\"c6e5a05\" data-element_type=\"widget\" data-widget_type=\"accordion.default\">\n\t\t\t\t<div class=\"elementor-widget-container\">\n\t\t\t\t\t<div class=\"elementor-accordion\">\n\t\t\t\t\t\t\t<div class=\"elementor-accordion-item\">\n\t\t\t\t\t<div id=\"elementor-tab-title-2081\" class=\"elementor-tab-title\" data-tab=\"1\" role=\"button\" aria-controls=\"elementor-tab-content-2081\" aria-expanded=\"false\">\n\t\t\t\t\t\t\t\t\t\t\t\t\t<span class=\"elementor-accordion-icon elementor-accordion-icon-left\" aria-hidden=\"true\">\n\t\t\t\t\t\t\t\t\t\t\t\t\t\t\t<span class=\"elementor-accordion-icon-closed\"><i class=\"fas fa-thumbs-up\"><\/i><\/span>\n\t\t\t\t\t\t\t\t<span class=\"elementor-accordion-icon-opened\"><i class=\"fas fa-caret-square-up\"><\/i><\/span>\n\t\t\t\t\t\t\t\t\t\t\t\t\t\t<\/span>\n\t\t\t\t\t\t\t\t\t\t\t\t<a class=\"elementor-accordion-title\" tabindex=\"0\">QUIEN ES<\/a>\n\t\t\t\t\t<\/div>\n\t\t\t\t\t<div id=\"elementor-tab-content-2081\" class=\"elementor-tab-content elementor-clearfix\" data-tab=\"1\" role=\"region\" aria-labelledby=\"elementor-tab-title-2081\"><p><span>Creci\u00f3 en Ukiah, California.\u00a0Como emprendedor abri\u00f3 su oficina de impuestos en 1990. Para establecer una base de clientes recuerda que sali\u00f3 a tocar puertas, viajaba alrededor del condado de Mendocino visitando a familias, amigos y vecinos en sus casas para ayudar a declarar sus impuestos.<\/span><\/p><p><span>31 a\u00f1os despu\u00e9s Mendoza Business Center tiene una base de clientes que Ram\u00f3n considera \u201cfamilia\u201d.\u00a0Conoce a cada uno por su nombre, familia y sus circunstancias.\u00a0La temporada de impuestos es una oportunidad para ponerse al d\u00eda con ellos y servirles.\u00a0Ram\u00f3n entiende que para aplicar las leyes de impuestos e identificar los beneficios, se debe conocer las circunstancias de cada individuo, para garantizar los mejores resultados, sea que resulte en un reembolso o un cobro, lo importante es ser meticuloso, cuidadoso para establecer confianza con sus clientes.<\/span><\/p><\/div>\n\t\t\t\t<\/div>\n\t\t\t\t\t\t\t<div class=\"elementor-accordion-item\">\n\t\t\t\t\t<div id=\"elementor-tab-title-2082\" class=\"elementor-tab-title\" data-tab=\"2\" role=\"button\" aria-controls=\"elementor-tab-content-2082\" aria-expanded=\"false\">\n\t\t\t\t\t\t\t\t\t\t\t\t\t<span class=\"elementor-accordion-icon elementor-accordion-icon-left\" aria-hidden=\"true\">\n\t\t\t\t\t\t\t\t\t\t\t\t\t\t\t<span class=\"elementor-accordion-icon-closed\"><i class=\"fas fa-thumbs-up\"><\/i><\/span>\n\t\t\t\t\t\t\t\t<span class=\"elementor-accordion-icon-opened\"><i class=\"fas fa-caret-square-up\"><\/i><\/span>\n\t\t\t\t\t\t\t\t\t\t\t\t\t\t<\/span>\n\t\t\t\t\t\t\t\t\t\t\t\t<a class=\"elementor-accordion-title\" tabindex=\"0\">SERVICIO<\/a>\n\t\t\t\t\t<\/div>\n\t\t\t\t\t<div id=\"elementor-tab-content-2082\" class=\"elementor-tab-content elementor-clearfix\" data-tab=\"2\" role=\"region\" aria-labelledby=\"elementor-tab-title-2082\"><p><span style=\"vertical-align: inherit;\"><span style=\"vertical-align: inherit;\"><span style=\"vertical-align: inherit;\"><span style=\"vertical-align: inherit;\"><span style=\"vertical-align: inherit;\"><span style=\"vertical-align: inherit;\">L\u00edder en la comunidad, al paso de los a\u00f1os Ram\u00f3n ha apoyado y servido en muchas organizaciones no lucrativas. <\/span><\/span><\/span><\/span><\/span><span style=\"vertical-align: inherit;\"><span style=\"vertical-align: inherit;\"><span style=\"vertical-align: inherit;\"><span style=\"vertical-align: inherit;\"><span style=\"vertical-align: inherit;\">Promoviendo eventos culturales, recaudando fondos para crear becas para inspirar a j\u00f3venes a perseguir oportunidades educativas y<\/span><\/span><\/span><\/span><\/span><span style=\"vertical-align: inherit;\"><span style=\"vertical-align: inherit;\"><span style=\"vertical-align: inherit;\"><span style=\"vertical-align: inherit;\"><span style=\"vertical-align: inherit;\">\u00a0para desarrollar comunidades en su pueblo natal.<\/span><\/span><\/span><\/span><\/span><\/span><\/p><p><span style=\"vertical-align: inherit;\"><span style=\"vertical-align: inherit;\"><span style=\"vertical-align: inherit;\"><span style=\"vertical-align: inherit;\"><span style=\"vertical-align: inherit;\"><span style=\"vertical-align: inherit;\">Ram\u00f3n Mendoza le apasiona asesorar a personas interesadas en desarrollar negocios, entiende que la falta de informaci\u00f3n, preparaci\u00f3n y miedos son los obst\u00e1culos para convertirse en un emprendedor; <\/span><\/span><\/span><\/span><\/span><span style=\"vertical-align: inherit;\"><span style=\"vertical-align: inherit;\"><span style=\"vertical-align: inherit;\"><span style=\"vertical-align: inherit;\"><span style=\"vertical-align: inherit;\">cree que todos necesitamos que alguien crea en nosotros y que ayuden en proveer la visi\u00f3n para desarrollar un plan de negocio que le de nacimiento a una idea que se transforme en un negocio. <\/span><\/span><\/span><\/span><\/span><span style=\"vertical-align: inherit;\"><span style=\"vertical-align: inherit;\"><span style=\"vertical-align: inherit;\"><span style=\"vertical-align: inherit;\"><span style=\"vertical-align: inherit;\">Ram\u00f3n le ha ayudado a muchos due\u00f1os de negocios locales a iniciar sus propios negocios.\u00a0<\/span><\/span><\/span><\/span><\/span><\/span><\/p><\/div>\n\t\t\t\t<\/div>\n\t\t\t\t\t\t\t<div class=\"elementor-accordion-item\">\n\t\t\t\t\t<div id=\"elementor-tab-title-2083\" class=\"elementor-tab-title\" data-tab=\"3\" role=\"button\" aria-controls=\"elementor-tab-content-2083\" aria-expanded=\"false\">\n\t\t\t\t\t\t\t\t\t\t\t\t\t<span class=\"elementor-accordion-icon elementor-accordion-icon-left\" aria-hidden=\"true\">\n\t\t\t\t\t\t\t\t\t\t\t\t\t\t\t<span class=\"elementor-accordion-icon-closed\"><i class=\"fas fa-thumbs-up\"><\/i><\/span>\n\t\t\t\t\t\t\t\t<span class=\"elementor-accordion-icon-opened\"><i class=\"fas fa-caret-square-up\"><\/i><\/span>\n\t\t\t\t\t\t\t\t\t\t\t\t\t\t<\/span>\n\t\t\t\t\t\t\t\t\t\t\t\t<a class=\"elementor-accordion-title\" tabindex=\"0\">MISI\u00d3N<\/a>\n\t\t\t\t\t<\/div>\n\t\t\t\t\t<div id=\"elementor-tab-content-2083\" class=\"elementor-tab-content elementor-clearfix\" data-tab=\"3\" role=\"region\" aria-labelledby=\"elementor-tab-title-2083\"><p><span lang=\"ES-TRAD\"><span style=\"vertical-align: inherit;\"><span style=\"vertical-align: inherit;\"><span style=\"vertical-align: inherit;\"><span style=\"vertical-align: inherit;\">Como due\u00f1o de negocio independiente en Mercadeo Social por m\u00e1s de una d\u00e9cada, Ram\u00f3n ense\u00f1a a personas el poder del desarrollo empresarial a trav\u00e9s de hacer negocios desde casa, promueve el desarrollo personal porque cree que somos movidos a crear nuestras mas altas ideas con el poder de un sue\u00f1o.\u00a0<\/span><\/span><\/span><\/span><\/span><span style=\"vertical-align: inherit;\"><span style=\"vertical-align: inherit;\"><span style=\"vertical-align: inherit;\"><span style=\"vertical-align: inherit;\">Cuando Ram\u00f3n no est\u00e1 atendiendo a un cliente, \u00e9l est\u00e1 buscando y desarrollando l\u00edderes emprendedores; <\/span><\/span><\/span><span style=\"vertical-align: inherit;\"><span style=\"vertical-align: inherit;\"><span style=\"vertical-align: inherit;\">es orador de conferencias, convenciones en los EEUU o en el extranjero. <\/span><\/span><\/span><span style=\"vertical-align: inherit;\"><span style=\"vertical-align: inherit;\"><span style=\"vertical-align: inherit;\">Durante su tiempo libre le gusta viajar con familia y amigos.<\/span><\/span><\/span><\/span><\/p><\/div>\n\t\t\t\t<\/div>\n\t\t\t\t\t\t\t\t<\/div>\n\t\t\t\t<\/div>\n\t\t\t\t<\/div>\n\t\t\t\t\t<\/div>\n\t\t<\/div>\n\t\t\t\t\t<\/div>\n\t\t<\/section>\n\t\t\t\t<section class=\"elementor-section elementor-top-section elementor-element elementor-element-b308fd4 elementor-section-boxed elementor-section-height-default elementor-section-height-default\" data-id=\"b308fd4\" data-element_type=\"section\">\n\t\t\t\t\t\t<div class=\"elementor-container elementor-column-gap-default\">\n\t\t\t\t\t<div class=\"elementor-column elementor-col-50 elementor-top-column elementor-element elementor-element-e1c31d8\" data-id=\"e1c31d8\" data-element_type=\"column\">\n\t\t\t<div class=\"elementor-widget-wrap\">\n\t\t\t\t\t\t\t<\/div>\n\t\t<\/div>\n\t\t\t\t<div class=\"elementor-column elementor-col-50 elementor-top-column elementor-element elementor-element-a921554 padding-left\" data-id=\"a921554\" data-element_type=\"column\">\n\t\t\t<div class=\"elementor-widget-wrap elementor-element-populated\">\n\t\t\t\t\t\t<div class=\"elementor-element elementor-element-c1434c7 elementor-widget elementor-widget-text-editor\" data-id=\"c1434c7\" data-element_type=\"widget\" data-widget_type=\"text-editor.default\">\n\t\t\t\t<div class=\"elementor-widget-container\">\n\t\t\t\t\t\t\t<p style=\"margin: 0cm; margin-bottom: .0001pt;\">PTIN P01437275<\/p><p style=\"margin: 0cm; margin-bottom: .0001pt;\">CTEC A234557<\/p><p style=\"margin: 0cm; margin-bottom: .0001pt;\">BOND LSM0682262<br \/>RLI<\/p>\t\t\t\t\t\t<\/div>\n\t\t\t\t<\/div>\n\t\t\t\t<div class=\"elementor-element elementor-element-9f7b4c1 elementor-widget elementor-widget-accordion\" data-id=\"9f7b4c1\" data-element_type=\"widget\" data-widget_type=\"accordion.default\">\n\t\t\t\t<div class=\"elementor-widget-container\">\n\t\t\t\t\t<div class=\"elementor-accordion\">\n\t\t\t\t\t\t\t<div class=\"elementor-accordion-item\">\n\t\t\t\t\t<div id=\"elementor-tab-title-1671\" class=\"elementor-tab-title\" data-tab=\"1\" role=\"button\" aria-controls=\"elementor-tab-content-1671\" aria-expanded=\"false\">\n\t\t\t\t\t\t\t\t\t\t\t\t\t<span class=\"elementor-accordion-icon elementor-accordion-icon-left\" aria-hidden=\"true\">\n\t\t\t\t\t\t\t\t\t\t\t\t\t\t\t<span class=\"elementor-accordion-icon-closed\"><i class=\"fas fa-thumbs-up\"><\/i><\/span>\n\t\t\t\t\t\t\t\t<span class=\"elementor-accordion-icon-opened\"><i class=\"fas fa-caret-square-up\"><\/i><\/span>\n\t\t\t\t\t\t\t\t\t\t\t\t\t\t<\/span>\n\t\t\t\t\t\t\t\t\t\t\t\t<a class=\"elementor-accordion-title\" tabindex=\"0\">QUIEN ES<\/a>\n\t\t\t\t\t<\/div>\n\t\t\t\t\t<div id=\"elementor-tab-content-1671\" class=\"elementor-tab-content elementor-clearfix\" data-tab=\"1\" role=\"region\" aria-labelledby=\"elementor-tab-title-1671\"><p><span style=\"vertical-align: inherit;\"><span style=\"vertical-align: inherit;\">Octavio Quintero naci\u00f3 en Ukiah California y creci\u00f3 en Potter Valley.\u00a0<\/span><\/span><br \/><span style=\"vertical-align: inherit;\"><span style=\"vertical-align: inherit;\">Octavio, de cari\u00f1o lo conocen por su sobre nombre \u201cTito\u201d. <\/span><span style=\"vertical-align: inherit;\">El se gradu\u00f3 de la secundaria de Potter Valley y atendi\u00f3 el Colegio de Mendocino.\u00a0<\/span><\/span><br \/><span style=\"vertical-align: inherit;\"><span style=\"vertical-align: inherit;\">En el 2010, Tito inicio un programa de entrenamiento e inicio a trabajar Mendoza Business Center como asistente.<\/span><\/span><\/p><\/div>\n\t\t\t\t<\/div>\n\t\t\t\t\t\t\t<div class=\"elementor-accordion-item\">\n\t\t\t\t\t<div id=\"elementor-tab-title-1672\" class=\"elementor-tab-title\" data-tab=\"2\" role=\"button\" aria-controls=\"elementor-tab-content-1672\" aria-expanded=\"false\">\n\t\t\t\t\t\t\t\t\t\t\t\t\t<span class=\"elementor-accordion-icon elementor-accordion-icon-left\" aria-hidden=\"true\">\n\t\t\t\t\t\t\t\t\t\t\t\t\t\t\t<span class=\"elementor-accordion-icon-closed\"><i class=\"fas fa-thumbs-up\"><\/i><\/span>\n\t\t\t\t\t\t\t\t<span class=\"elementor-accordion-icon-opened\"><i class=\"fas fa-caret-square-up\"><\/i><\/span>\n\t\t\t\t\t\t\t\t\t\t\t\t\t\t<\/span>\n\t\t\t\t\t\t\t\t\t\t\t\t<a class=\"elementor-accordion-title\" tabindex=\"0\">SERVICIO<\/a>\n\t\t\t\t\t<\/div>\n\t\t\t\t\t<div id=\"elementor-tab-content-1672\" class=\"elementor-tab-content elementor-clearfix\" data-tab=\"2\" role=\"region\" aria-labelledby=\"elementor-tab-title-1672\"><p><span lang=\"ES-TRAD\"><span style=\"vertical-align: inherit;\"><span style=\"vertical-align: inherit;\">La actitud entusiasta de Octavio, su capacidad para aprender, escuchar y atender las necesidades de nuestros clientes le valieron un puesto permanente en Mendoza Business Center<\/span><\/span><\/span><\/p><p><span lang=\"ES-TRAD\"><span style=\"vertical-align: inherit;\"><span style=\"vertical-align: inherit;\">En el 2011 Octavio se gradu\u00f3 de Platinum Professional Tax School, donde obtuvo su licencia como preparador de impuestos. <\/span><span style=\"vertical-align: inherit;\">Desde entonces Tito es parte de la Familia Mendoza Business Center.\u00a0<\/span><\/span><\/span><\/p><p><span style=\"vertical-align: inherit;\"><span style=\"vertical-align: inherit;\">Tito celebra +10 a\u00f1os de experiencia con Mendoza Business Center y logra logros en la preparaci\u00f3n de impuestos y sirviendo a nuestros clientes.\u00a0<\/span><\/span><\/p><\/div>\n\t\t\t\t<\/div>\n\t\t\t\t\t\t\t\t<\/div>\n\t\t\t\t<\/div>\n\t\t\t\t<\/div>\n\t\t\t\t\t<\/div>\n\t\t<\/div>\n\t\t\t\t\t<\/div>\n\t\t<\/section>\n\t\t\t\t<section class=\"elementor-section elementor-top-section elementor-element elementor-element-2d099fb8 elementor-section-boxed elementor-section-height-default elementor-section-height-default\" data-id=\"2d099fb8\" data-element_type=\"section\">\n\t\t\t\t\t\t<div class=\"elementor-container elementor-column-gap-default\">\n\t\t\t\t\t<div class=\"elementor-column elementor-col-100 elementor-top-column elementor-element elementor-element-90fde58\" data-id=\"90fde58\" data-element_type=\"column\">\n\t\t\t<div class=\"elementor-widget-wrap\">\n\t\t\t\t\t\t\t<\/div>\n\t\t<\/div>\n\t\t\t\t\t<\/div>\n\t\t<\/section>\n\t\t\t\t<\/div>\n\t\t","protected":false},"excerpt":{"rendered":"<p>30+ A\u00f1os de Experiencia MENDOZA BUSINESS CENTER En Mendoza Business Center nos mantenemos con altos est\u00e1ndares de honestidad e integridad. Estamos comprometidos con nuestros clientes para brindarles el mejor servicio Reserve ya su Cita CALIFORNIA 711 S. Estado ST. Ukiah, CA 95482 FUNDADOR &#038; PROFESSIONAL TAX RAM\u00d3N MENDOZA MANZO PTIN P00635527 CTEC ID: A163585BONDAmerican Contractors&#8230;<\/p>\n","protected":false},"author":1,"featured_media":0,"parent":0,"menu_order":0,"comment_status":"closed","ping_status":"open","template":"","meta":{"footnotes":""},"class_list":["post-2422","page","type-page","status-publish","hentry"],"_links":{"self":[{"href":"https:\/\/mbcenter.info\/index.php\/wp-json\/wp\/v2\/pages\/2422","targetHints":{"allow":["GET"]}}],"collection":[{"href":"https:\/\/mbcenter.info\/index.php\/wp-json\/wp\/v2\/pages"}],"about":[{"href":"https:\/\/mbcenter.info\/index.php\/wp-json\/wp\/v2\/types\/page"}],"author":[{"embeddable":true,"href":"https:\/\/mbcenter.info\/index.php\/wp-json\/wp\/v2\/users\/1"}],"replies":[{"embeddable":true,"href":"https:\/\/mbcenter.info\/index.php\/wp-json\/wp\/v2\/comments?post=2422"}],"version-history":[{"count":49,"href":"https:\/\/mbcenter.info\/index.php\/wp-json\/wp\/v2\/pages\/2422\/revisions"}],"predecessor-version":[{"id":2792,"href":"https:\/\/mbcenter.info\/index.php\/wp-json\/wp\/v2\/pages\/2422\/revisions\/2792"}],"wp:attachment":[{"href":"https:\/\/mbcenter.info\/index.php\/wp-json\/wp\/v2\/media?parent=2422"}],"curies":[{"name":"wp","href":"https:\/\/api.w.org\/{rel}","templated":true}]}}